{"id":21,"date":"2014-09-26T17:23:32","date_gmt":"2014-09-26T17:23:32","guid":{"rendered":"http:\/\/192.168.1.104\/enfold-photography\/?page_id=21"},"modified":"2025-01-01T18:25:10","modified_gmt":"2025-01-01T17:25:10","slug":"about","status":"publish","type":"page","link":"https:\/\/pudelzucht-ernst.de\/?page_id=21","title":{"rendered":"\u00dcber mich"},"content":{"rendered":"<div id='full_slider_1'  class='avia-fullwidth-slider main_color avia-shadow   avia-builder-el-0  el_before_av_section  avia-builder-el-first   container_wrap fullsize' style=' '  ><div   data-size='featured_large'  data-lightbox_size='large'  data-animation='fade'  data-conditional_play=''  data-ids='490'  data-video_counter='0'  data-autoplay='false'  data-bg_slider='false'  data-slide_height=''  data-handle='av_slideshow_full'  data-interval='5'  data-class=' '  data-el_id=''  data-css_id=''  data-scroll_down=''  data-control_layout='av-control-minimal'  data-custom_markup=''  data-perma_caption=''  data-autoplay_stopper=''  data-image_attachment=''  data-min_height='0px'  data-lazy_loading='disabled'  data-src=''  data-position='top left'  data-repeat='no-repeat'  data-attach='scroll'  data-stretch=''  data-default-height='42'  class='avia-slideshow avia-slideshow-1  av-control-minimal av-default-height-applied avia-slideshow-featured_large av_slideshow_full   avia-fade-slider '  itemprop=\"image\" itemscope=\"itemscope\" itemtype=\"https:\/\/schema.org\/ImageObject\" ><ul class='avia-slideshow-inner ' style='padding-bottom: 44.921875%;' ><li  class=' av-single-slide slide-1 ' ><div data-rel='slideshow-1' class='avia-slide-wrap '   ><div class = \"caption_fullwidth av-slideshow-caption caption_bottom\"><div class = \"container caption_container\"><div class = \"slideshow_caption\"><div class = \"slideshow_inner_caption\"><div class = \"slideshow_align_caption\"><h2  class='avia-caption-title  '  itemprop=\"name\" >Andrea Ernst<\/h2><\/div><\/div><\/div><\/div><\/div><img decoding=\"async\" class=\"wp-image-490 avia-img-lazy-loading-not-490\"  src=\"https:\/\/pudelzucht-ernst.de\/wp-content\/uploads\/2020\/09\/ueber1.png\" width=\"1280\" height=\"575\" title='ueber1' alt=''  itemprop=\"thumbnailUrl\" srcset=\"https:\/\/pudelzucht-ernst.de\/wp-content\/uploads\/2020\/09\/ueber1.png 1280w, https:\/\/pudelzucht-ernst.de\/wp-content\/uploads\/2020\/09\/ueber1-300x135.png 300w, https:\/\/pudelzucht-ernst.de\/wp-content\/uploads\/2020\/09\/ueber1-1030x463.png 1030w, https:\/\/pudelzucht-ernst.de\/wp-content\/uploads\/2020\/09\/ueber1-768x345.png 768w, https:\/\/pudelzucht-ernst.de\/wp-content\/uploads\/2020\/09\/ueber1-705x317.png 705w\" sizes=\"(max-width: 1280px) 100vw, 1280px\" \/><\/div><\/li><\/ul><\/div><\/div>\n<div id='av_section_1'  class='avia-section main_color avia-section-default avia-no-border-styling  avia-bg-style-scroll  avia-builder-el-1  el_after_av_slideshow_full  el_before_av_layout_row   av-arrow-down-section container_wrap fullsize' style='background-color: #770000;  '  ><div class='container' ><div class='template-page content  av-content-full alpha units'><div class='post-entry post-entry-type-page post-entry-21'><div class='entry-content-wrapper clearfix'>\n<div class=\"flex_column av_one_third  flex_column_div av-zero-column-padding first  avia-builder-el-2  el_before_av_one_third  avia-builder-el-first  \" style='border-radius:0px; '><div  class=\"avia-animated-number av-force-default-color  avia-color-font-light  avia-builder-el-3  avia-builder-el-no-sibling  avia_animate_when_visible\"  data-timer=\"3000\"><strong class=\"heading avia-animated-number-title\" ><span class=\"avia-single-number __av-single-number\" data-number_format=\"\" data-number=\"42\" data-start_from=\"0\">42<\/span><\/strong><div class='avia-animated-number-content' ><p>Jahre Z\u00fcchter<\/p>\n<\/div><\/div><\/div><div class=\"flex_column av_one_third  flex_column_div av-zero-column-padding   avia-builder-el-4  el_after_av_one_third  el_before_av_one_third  \" style='border-radius:0px; '><div  class=\"avia-animated-number av-force-default-color  avia-color-font-light  avia-builder-el-5  avia-builder-el-no-sibling  avia_animate_when_visible\"  data-timer=\"3000\"><strong class=\"heading avia-animated-number-title\" ><span class=\"avia-single-number __av-single-number\" data-number_format=\"\" data-number=\"69\" data-start_from=\"0\">69<\/span><\/strong><div class='avia-animated-number-content' ><p>Champions<\/p>\n<\/div><\/div><\/div><div class=\"flex_column av_one_third  flex_column_div av-zero-column-padding   avia-builder-el-6  el_after_av_one_third  avia-builder-el-last  \" style='border-radius:0px; '><div  class=\"avia-animated-number av-force-default-color  avia-color-font-light  avia-builder-el-7  avia-builder-el-no-sibling  avia_animate_when_visible\"  data-timer=\"3000\"><strong class=\"heading avia-animated-number-title\" ><span class=\"avia-single-number __av-single-number\" data-number_format=\"\" data-number=\"21\" data-start_from=\"0\">21<\/span><\/strong><div class='avia-animated-number-content' ><p>Jahre Zuchtrichter<\/p>\n<\/div><\/div><\/div><\/div><\/div><\/div><!-- close content main div --><\/div><div class='av-extra-border-element border-extra-arrow-down'><div class='av-extra-border-outer'><div class='av-extra-border-inner'  style='background-color:#770000;' ><\/div><\/div><\/div><\/div><div id='av-layout-grid-1'  class='av-layout-grid-container entry-content-wrapper main_color av-flex-cells     avia-builder-el-8  el_after_av_section  el_before_av_layout_row  submenu-not-first container_wrap fullsize' style=' '  >\n<div class=\"flex_cell no_margin av_one_half  avia-builder-el-9  el_before_av_cell_one_half  avia-builder-el-first   avia-full-stretch \"  style='height:500px; min-height:500px;background:url(https:\/\/pudelzucht-ernst.de\/wp-content\/uploads\/2020\/10\/Schwarze-Pudel-300x290.jpg) center center no-repeat scroll; vertical-align:top; padding:30px; ' ><div class='flex_cell_inner' ><\/div><\/div><div class=\"flex_cell no_margin av_one_half  avia-builder-el-10  el_after_av_cell_one_half  avia-builder-el-last   avia-full-stretch \"  style='height:500px; min-height:500px;background:url(https:\/\/pudelzucht-ernst.de\/wp-content\/uploads\/2020\/09\/ueber3-300x178.png) center center no-repeat scroll; vertical-align:top; padding:30px; ' ><div class='flex_cell_inner' ><\/div><\/div>\n<\/div><\/p>\n<div id='av-layout-grid-2'  class='av-layout-grid-container entry-content-wrapper main_color av-flex-cells     avia-builder-el-11  el_after_av_layout_row  avia-builder-el-last  submenu-not-first container_wrap fullsize' style=' '  >\n<div class=\"flex_cell no_margin av_one_full  avia-builder-el-12  avia-builder-el-no-sibling   \"  style='vertical-align:top; padding:40px; background-color:#f7f7f7; ' ><div class='flex_cell_inner' ><p><div  style='padding-bottom:10px; ' class='av-special-heading av-special-heading-h3    avia-builder-el-13  el_before_av_textblock  avia-builder-el-first  '><h3 class='av-special-heading-tag '  itemprop=\"headline\"  >\u00dcber mich<\/h3><div class='special-heading-border'><div class='special-heading-inner-border' ><\/div><\/div><\/div><br \/>\n<section class=\"av_textblock_section \"  itemscope=\"itemscope\" itemtype=\"https:\/\/schema.org\/CreativeWork\" ><div class='avia_textblock  '   itemprop=\"text\" ><p>1973 kauften meine Eltern ihren ersten Pudel, einen schwarzen Zwergpudel. Dies war unser erster Hund, den meine Eltern auf Ausstellungen zeigten. Ich war nat\u00fcrlich immer dabei und verliebte mich in die schwarzen Kleinpudel. Ich war absolut begeistert von dieser Gr\u00f6\u00dfe und der Farbe sowieso. Nach langem Reden konnte ich meine Eltern davon \u00fcberzeugen, dass unbedingt noch ein Kleinpudel ins Haus mu\u00dfte. 1978 kauften sie mir meinen ersten schwarzen Kleinpudel, mit dem dann alles begann.<\/p>\n<p>1980 wurde ich Mitglied im Verband der Pudelfreunde Deutschland (VDP), und im selben Jahr beantragte ich den FCI-Zwingerschutz mit dem Zwingernamen &#8222;Vom Badener Rebland&#8220;.<\/p>\n<p>1981 wurde der erste schwarze Kleinpudelwurf geboren.<\/p>\n<p>In den vergangenen Jahren sind meine Pudel mit viel Erfolg auf nationalen und internationalen Ausstellungen vorgef\u00fchrt worden. 63 Badener Rebland Pudel konnten nationale und internationale Champion-Titel erringen.<\/p>\n<p>Seit September 2002 bin ich Richter f\u00fcr Pudel im VDH. Von diesem Zeitpunkt an habe ich Pudel in vielen verschiedenen L\u00e4ndern wie \u00d6sterreich, Luxemburg, Tschechien, Schweden, Belgien, Russland und der Schweiz bewertet. Es bereitet mir sehr viel Freude diese sch\u00f6ne Rasse zu beurteilen. Wo hat man sonst die Gelegenheit, viele Pudel der unterschiedlichen Gr\u00f6\u00dfen und Farben aus der N\u00e4he zu betrachten und anfassen zu d\u00fcrfen.<\/p>\n<p>Meiner Farbe und Gr\u00f6\u00dfe bin ich die ganzen Jahre treu geblieben. Ich liebe das Temperament, die Leichtigkeit, die Haltung und das Wesen der Kleinpudel. F\u00fcr mich gibt es nichts sch\u00f6neres, als wenn ein Pudel mit seiner K\u00f6rperhaltung und seinem Ausdruck darstellt, als geh\u00f6re ihm die Welt. Er mu\u00df wesensfest, freundlich, zutraulich und aufmerksam sein.<\/p>\n<p>Alle meine Zuchth\u00fcndinnen werden auf die bekannten Erbkrankheiten untersucht, und dieselben Anforderungen m\u00fcssen auch die passenden Zuchtpartner erf\u00fcllen. Au\u00dferdem lege ich sehr viel Wert darauf, meinen K\u00e4ufern einen gesunden Hund anzubieten.<\/p>\n<p>Jeder Hund ist ein Individuum und nicht perfekt. Als Z\u00fcchter sehe ich meine Aufgabe darin, diesem Ziel n\u00e4her zu kommen.<\/p>\n<\/div><\/section><\/p>\n<\/div><\/div>\n<\/div>\n","protected":false},"excerpt":{"rendered":"","protected":false},"author":1,"featured_media":0,"parent":0,"menu_order":1,"comment_status":"open","ping_status":"open","template":"","meta":{"footnotes":""},"class_list":["post-21","page","type-page","status-publish","hentry"],"_links":{"self":[{"href":"https:\/\/pudelzucht-ernst.de\/index.php?rest_route=\/wp\/v2\/pages\/21","targetHints":{"allow":["GET"]}}],"collection":[{"href":"https:\/\/pudelzucht-ernst.de\/index.php?rest_route=\/wp\/v2\/pages"}],"about":[{"href":"https:\/\/pudelzucht-ernst.de\/index.php?rest_route=\/wp\/v2\/types\/page"}],"author":[{"embeddable":true,"href":"https:\/\/pudelzucht-ernst.de\/index.php?rest_route=\/wp\/v2\/users\/1"}],"replies":[{"embeddable":true,"href":"https:\/\/pudelzucht-ernst.de\/index.php?rest_route=%2Fwp%2Fv2%2Fcomments&post=21"}],"version-history":[{"count":18,"href":"https:\/\/pudelzucht-ernst.de\/index.php?rest_route=\/wp\/v2\/pages\/21\/revisions"}],"predecessor-version":[{"id":1094,"href":"https:\/\/pudelzucht-ernst.de\/index.php?rest_route=\/wp\/v2\/pages\/21\/revisions\/1094"}],"wp:attachment":[{"href":"https:\/\/pudelzucht-ernst.de\/index.php?rest_route=%2Fwp%2Fv2%2Fmedia&parent=21"}],"curies":[{"name":"wp","href":"https:\/\/api.w.org\/{rel}","templated":true}]}}